{"id":95,"date":"2023-09-24T15:46:21","date_gmt":"2023-09-24T14:46:21","guid":{"rendered":"https:\/\/apolloniabeck.com\/?page_id=95"},"modified":"2023-09-27T20:56:53","modified_gmt":"2023-09-27T19:56:53","slug":"blog-2","status":"publish","type":"page","link":"https:\/\/apolloniabeck.com\/?page_id=95","title":{"rendered":"Blog"},"content":{"rendered":"\r\n<p>Es ist ein weiter Weg von der ersten Inspiration bis zum fertigen Roman.<\/p>\r\n\r\n\r\n\r\n<p>Die ersten Ideen zu <strong>Tief ist der See <\/strong>kamen mir im Februar 2020 in Wien. Nach einer scheu\u00dflichen Nacht in einer Horror-Pension mit einem mehrere Tage alten, angenagten K\u00e4sebrot in der Schublade des Nachtschranks (hiesig Bettkasten genannt) und einem Badezimmer ohne Licht und Toilettenpapier, war ich gerade gl\u00fccklich umgezogen in ein Hotel unweit vom Naschmarkt.<\/p>\r\n\r\n\r\n\r\n<p>Zu diesem Zeitpunkt hatte ich vierzehn Monate lang intensiv an einer Road Novel gearbeitet \u00fcber die Protagonistin Margret Bose, die Ende der sechziger Jahre fluchtartig Hamburg verl\u00e4sst und sich auf eine zweit\u00e4gige Zugreise nach Toulon begibt. Vierzehn Monate hatte ich mich im Leben dieser Protagonistin herumgetrieben, ihre geheimsten Gedanken belauscht, ihre unverst\u00e4ndlichsten Schlussfolgerungen nachvollzogen und mit ihr eine Zigarette nach der anderen geraucht. Diese Geschichte war rund, sie war fertig und es war an der Zeit, sie sich f\u00fcr eine Weile selbst zu \u00fcberlassen \u2013 Zeit zum Reifen, zum Abh\u00e4ngen, Aroma entwickeln.\u00a0<\/p>\r\n\r\n\r\n\r\n<p>In Wien hatte ich einen Off-Day, keine Probe, kein Konzert, und ich hatte Sehnsucht nach dem Schreiben. Ich lag ausgestreckt auf dem bequemen Bett, lauschte auf die Ger\u00e4usche in den langen Fluren des Hotels, h\u00f6rte den Nachbarn im Nebenzimmer beim Fernsehen zu. Meine Gedanken streckten und reckten sich in alle Richtungen auf der Suche nach Halt, nach etwas Konkretem. Pl\u00f6tzlich sp\u00fcrte ich den unb\u00e4ndigen Drang \u00fcber einen Mann zu schreiben, und zwar aus der Perspektive eben dieses Mannes.\u00a0<\/p>\r\n\r\n\r\n\r\n<p>Zack \u2013 in meinem Hirn tauchte Paul Harterekter auf. Ich lachte laut \u00fcber diesen abstrusen Namen, der sich exakt nach dem anh\u00f6rte, was dieser merkw\u00fcrdige Mensch nach au\u00dfen vorgab zu sein.\u00a0<\/p>\r\n\r\n\r\n\r\n<p>Paul Harterekter. Mitte drei\u00dfig. London.\u00a0<\/p>\r\n\r\n\r\n\r\n<p>Wir lernen uns also kennen in der Bar in White Chapel, in der der Broker nach Feierabend\u00a0 gerne abh\u00e4ngt und sich betrinkt. Aus Zorn \u00fcber seine Unf\u00e4higkeit im Gesch\u00e4ftsleben und aus Scham eben genau dar\u00fcber beginnt er eine entfesselte Schl\u00e4gerei mit dem jungen Mann hinter der Bar. Er pr\u00fcgelt ihn bewusstlos, schl\u00e4gt immer weiter auf den reglos am Boden Liegenden ein. Einige G\u00e4ste fassen sich ein Herz, zerren ihn weg von dem v\u00f6llig zertr\u00fcmmerten Gesicht, von dem maltr\u00e4tierten K\u00f6rper. Sie rufen die Polizei, die verhaftet ihn. Paul randaliert weiter. Deshalb verbringt er die Nacht in einer Ausn\u00fcchterungszelle, bis ihn am n\u00e4chsten morgen der Anwalt seiner \u00e4u\u00dferst wohlsituierten Ehefrau herausholt und ihm er\u00f6ffnet, dass sie sich von ihm scheiden lassen wird.\u00a0<\/p>\r\n\r\n\r\n\r\n<p>Ihr verdankt er seine Position. Sie f\u00e4ngt seine Verluste finanziell auf. Er w\u00e4re ruiniert.\u00a0<\/p>\r\n\r\n\r\n\r\n<p>An diesem Tag macht Harterekter den entscheidenden Schritt, der am Ende sein eigenes Schicksal besiegelt: er beauftragt den Mord an seiner Frau.<\/p>\r\n\r\n\r\n\r\n<p>Und an diesem Tag lernte ich Franny kennen, die Protagonistin von Tief ist der See.<\/p>\r\n\r\n\r\n\r\n<figure class=\"wp-block-image size-full\"><img decoding=\"async\" class=\"wp-image-137\" src=\"https:\/\/apolloniabeck.com\/wp-content\/uploads\/2023\/09\/IMG_5967-e1695800466363.jpg\" alt=\"Espresso in Wien\" \/><\/figure>\r\n\r\n\r\n\r\n<div class=\"wp-block-query alignfull is-layout-flow wp-block-query-is-layout-flow\">\r\n<div class=\"wp-block-group is-content-justification-left\" style=\"margin-top: 0; margin-bottom: 0; padding: 0 var(--wp--preset--spacing--40) var(--wp--preset--spacing--40) var(--wp--preset--spacing--40);\"><div class=\"wp-block-group__inner-container is-layout-constrained wp-container-core-group-is-layout-4f3b647b wp-block-group-is-layout-constrained\"><\/div><\/div>\r\n<\/div>\r\n","protected":false},"excerpt":{"rendered":"<p>Es ist ein weiter Weg von der ersten Inspiration bis zum fertigen Roman. Die ersten Ideen zu Tief ist der See kamen mir im Februar 2020 in Wien. Nach einer [&hellip;]<\/p>\n","protected":false},"author":1,"featured_media":0,"parent":0,"menu_order":0,"comment_status":"closed","ping_status":"closed","template":"","meta":{"footnotes":""},"class_list":["post-95","page","type-page","status-publish","hentry","post-preview"],"aioseo_notices":[],"_links":{"self":[{"href":"https:\/\/apolloniabeck.com\/index.php?rest_route=\/wp\/v2\/pages\/95","targetHints":{"allow":["GET"]}}],"collection":[{"href":"https:\/\/apolloniabeck.com\/index.php?rest_route=\/wp\/v2\/pages"}],"about":[{"href":"https:\/\/apolloniabeck.com\/index.php?rest_route=\/wp\/v2\/types\/page"}],"author":[{"embeddable":true,"href":"https:\/\/apolloniabeck.com\/index.php?rest_route=\/wp\/v2\/users\/1"}],"replies":[{"embeddable":true,"href":"https:\/\/apolloniabeck.com\/index.php?rest_route=%2Fwp%2Fv2%2Fcomments&post=95"}],"version-history":[{"count":7,"href":"https:\/\/apolloniabeck.com\/index.php?rest_route=\/wp\/v2\/pages\/95\/revisions"}],"predecessor-version":[{"id":188,"href":"https:\/\/apolloniabeck.com\/index.php?rest_route=\/wp\/v2\/pages\/95\/revisions\/188"}],"wp:attachment":[{"href":"https:\/\/apolloniabeck.com\/index.php?rest_route=%2Fwp%2Fv2%2Fmedia&parent=95"}],"curies":[{"name":"wp","href":"https:\/\/api.w.org\/{rel}","templated":true}]}}